{"id":1963,"date":"2026-01-19T13:56:40","date_gmt":"2026-01-19T12:56:40","guid":{"rendered":"https:\/\/lichtblick-berlin.de\/lichtblick-berli\/?page_id=1963"},"modified":"2026-03-24T15:09:20","modified_gmt":"2026-03-24T14:09:20","slug":"geben","status":"publish","type":"page","link":"https:\/\/lichtblick-berlin.de\/?page_id=1963","title":{"rendered":"Spenden"},"content":{"rendered":"\t\t<div data-elementor-type=\"wp-page\" data-elementor-id=\"1963\" class=\"elementor elementor-1963\">\n\t\t\t\t<div data-ka-cursor-size=\"1\" class=\"elementor-element elementor-element-ccb101e e-con-full e-flex e-con e-parent\" data-id=\"ccb101e\" data-element_type=\"container\" data-settings=\"{&quot;kng_cursor_interaction&quot;:&quot;default&quot;,&quot;kng_cursor_magnetic&quot;:&quot;none&quot;,&quot;kng_cursor_size_multiplier&quot;:{&quot;unit&quot;:&quot;px&quot;,&quot;size&quot;:1,&quot;sizes&quot;:[]}}\">\n\t\t\t\t<div data-ka-cursor-size=\"1\" class=\"elementor-element elementor-element-393a4fa elementor-widget elementor-widget-image\" data-id=\"393a4fa\" data-element_type=\"widget\" data-settings=\"{&quot;kng_cursor_interaction&quot;:&quot;default&quot;,&quot;kng_cursor_magnetic&quot;:&quot;none&quot;,&quot;kng_cursor_size_multiplier&quot;:{&quot;unit&quot;:&quot;px&quot;,&quot;size&quot;:1,&quot;sizes&quot;:[]}}\" data-widget_type=\"image.default\">\n\t\t\t\t\t\t\t\t\t\t\t\t\t\t\t<img fetchpriority=\"high\" decoding=\"async\" width=\"2000\" height=\"750\" src=\"https:\/\/lichtblick-berlin.de\/wp-content\/uploads\/2026\/02\/WEBspenden7.png\" class=\"attachment-full size-full wp-image-2673\" alt=\"\" srcset=\"https:\/\/lichtblick-berlin.de\/wp-content\/uploads\/2026\/02\/WEBspenden7.png 2000w, https:\/\/lichtblick-berlin.de\/wp-content\/uploads\/2026\/02\/WEBspenden7-300x113.png 300w, https:\/\/lichtblick-berlin.de\/wp-content\/uploads\/2026\/02\/WEBspenden7-1024x384.png 1024w, https:\/\/lichtblick-berlin.de\/wp-content\/uploads\/2026\/02\/WEBspenden7-768x288.png 768w, https:\/\/lichtblick-berlin.de\/wp-content\/uploads\/2026\/02\/WEBspenden7-1536x576.png 1536w\" sizes=\"(max-width: 2000px) 100vw, 2000px\" \/>\t\t\t\t\t\t\t\t\t\t\t\t\t\t\t<\/div>\n\t\t\t\t<div data-ka-cursor-size=\"1\" class=\"elementor-element elementor-element-e9a30e3 elementor-widget elementor-widget-heading\" data-id=\"e9a30e3\" data-element_type=\"widget\" data-settings=\"{&quot;kng_cursor_interaction&quot;:&quot;default&quot;,&quot;kng_cursor_magnetic&quot;:&quot;none&quot;,&quot;kng_cursor_size_multiplier&quot;:{&quot;unit&quot;:&quot;px&quot;,&quot;size&quot;:1,&quot;sizes&quot;:[]}}\" data-widget_type=\"heading.default\">\n\t\t\t\t\t<h2 class=\"elementor-heading-title elementor-size-default\">Dein Geben macht einen Unterschied!<\/h2>\t\t\t\t<\/div>\n\t\t\t\t<\/div>\n\t\t<div data-ka-cursor-size=\"1\" class=\"elementor-element elementor-element-05ce215 e-con-full e-flex e-con e-parent\" data-id=\"05ce215\" data-element_type=\"container\" data-settings=\"{&quot;kng_cursor_interaction&quot;:&quot;default&quot;,&quot;kng_cursor_magnetic&quot;:&quot;none&quot;,&quot;kng_cursor_size_multiplier&quot;:{&quot;unit&quot;:&quot;px&quot;,&quot;size&quot;:1,&quot;sizes&quot;:[]}}\">\n\t\t\t\t<div data-ka-cursor-size=\"1\" class=\"elementor-element elementor-element-4e3d439 elementor-widget elementor-widget-image\" data-id=\"4e3d439\" data-element_type=\"widget\" data-settings=\"{&quot;kng_cursor_interaction&quot;:&quot;default&quot;,&quot;kng_cursor_magnetic&quot;:&quot;none&quot;,&quot;kng_cursor_size_multiplier&quot;:{&quot;unit&quot;:&quot;px&quot;,&quot;size&quot;:1,&quot;sizes&quot;:[]}}\" data-widget_type=\"image.default\">\n\t\t\t\t\t\t\t\t\t\t\t\t\t\t\t<img decoding=\"async\" width=\"749\" height=\"1024\" src=\"https:\/\/lichtblick-berlin.de\/wp-content\/uploads\/2026\/03\/WEBGT56-749x1024.png\" class=\"attachment-large size-large wp-image-2725\" alt=\"\" srcset=\"https:\/\/lichtblick-berlin.de\/wp-content\/uploads\/2026\/03\/WEBGT56-749x1024.png 749w, https:\/\/lichtblick-berlin.de\/wp-content\/uploads\/2026\/03\/WEBGT56-219x300.png 219w, https:\/\/lichtblick-berlin.de\/wp-content\/uploads\/2026\/03\/WEBGT56-768x1051.png 768w, https:\/\/lichtblick-berlin.de\/wp-content\/uploads\/2026\/03\/WEBGT56-1123x1536.png 1123w, https:\/\/lichtblick-berlin.de\/wp-content\/uploads\/2026\/03\/WEBGT56.png 1462w\" sizes=\"(max-width: 749px) 100vw, 749px\" \/>\t\t\t\t\t\t\t\t\t\t\t\t\t\t\t<\/div>\n\t\t\t\t<div data-ka-cursor-size=\"1\" class=\"elementor-element elementor-element-1a889a4 elementor-widget elementor-widget-image\" data-id=\"1a889a4\" data-element_type=\"widget\" data-settings=\"{&quot;kng_cursor_interaction&quot;:&quot;default&quot;,&quot;kng_cursor_magnetic&quot;:&quot;none&quot;,&quot;kng_cursor_size_multiplier&quot;:{&quot;unit&quot;:&quot;px&quot;,&quot;size&quot;:1,&quot;sizes&quot;:[]}}\" data-widget_type=\"image.default\">\n\t\t\t\t\t\t\t\t\t\t\t\t\t\t\t<img decoding=\"async\" width=\"749\" height=\"1024\" src=\"https:\/\/lichtblick-berlin.de\/wp-content\/uploads\/2026\/03\/WEBGT45-749x1024.png\" class=\"attachment-large size-large wp-image-2724\" alt=\"\" srcset=\"https:\/\/lichtblick-berlin.de\/wp-content\/uploads\/2026\/03\/WEBGT45-749x1024.png 749w, https:\/\/lichtblick-berlin.de\/wp-content\/uploads\/2026\/03\/WEBGT45-219x300.png 219w, https:\/\/lichtblick-berlin.de\/wp-content\/uploads\/2026\/03\/WEBGT45-768x1051.png 768w, https:\/\/lichtblick-berlin.de\/wp-content\/uploads\/2026\/03\/WEBGT45-1123x1536.png 1123w, https:\/\/lichtblick-berlin.de\/wp-content\/uploads\/2026\/03\/WEBGT45.png 1462w\" sizes=\"(max-width: 749px) 100vw, 749px\" \/>\t\t\t\t\t\t\t\t\t\t\t\t\t\t\t<\/div>\n\t\t\t\t<\/div>\n\t\t<div data-ka-cursor-size=\"1\" class=\"elementor-element elementor-element-fc33f02 e-flex e-con-boxed e-con e-parent\" data-id=\"fc33f02\" data-element_type=\"container\" data-settings=\"{&quot;background_background&quot;:&quot;classic&quot;,&quot;kng_cursor_interaction&quot;:&quot;default&quot;,&quot;kng_cursor_magnetic&quot;:&quot;none&quot;,&quot;kng_cursor_size_multiplier&quot;:{&quot;unit&quot;:&quot;px&quot;,&quot;size&quot;:1,&quot;sizes&quot;:[]}}\">\n\t\t\t\t\t<div class=\"e-con-inner\">\n\t\t\t\t<div data-ka-cursor-size=\"1\" class=\"elementor-element elementor-element-cb8c0c3 elementor-widget elementor-widget-heading\" data-id=\"cb8c0c3\" data-element_type=\"widget\" data-settings=\"{&quot;kng_cursor_interaction&quot;:&quot;default&quot;,&quot;kng_cursor_magnetic&quot;:&quot;none&quot;,&quot;kng_cursor_size_multiplier&quot;:{&quot;unit&quot;:&quot;px&quot;,&quot;size&quot;:1,&quot;sizes&quot;:[]}}\" data-widget_type=\"heading.default\">\n\t\t\t\t\t<h2 class=\"elementor-heading-title elementor-size-default\">Finanziell<\/h2>\t\t\t\t<\/div>\n\t\t\t\t\t<\/div>\n\t\t\t\t<\/div>\n\t\t<div data-ka-cursor-size=\"1\" class=\"elementor-element elementor-element-099c2d6 e-con-full e-flex e-con e-parent\" data-id=\"099c2d6\" data-element_type=\"container\" data-settings=\"{&quot;kng_cursor_interaction&quot;:&quot;default&quot;,&quot;kng_cursor_magnetic&quot;:&quot;none&quot;,&quot;kng_cursor_size_multiplier&quot;:{&quot;unit&quot;:&quot;px&quot;,&quot;size&quot;:1,&quot;sizes&quot;:[]}}\">\n\t\t\t\t<div data-ka-cursor-size=\"1\" class=\"elementor-element elementor-element-098b9a1 elementor-widget elementor-widget-image\" data-id=\"098b9a1\" data-element_type=\"widget\" data-settings=\"{&quot;kng_cursor_interaction&quot;:&quot;default&quot;,&quot;kng_cursor_magnetic&quot;:&quot;none&quot;,&quot;kng_cursor_size_multiplier&quot;:{&quot;unit&quot;:&quot;px&quot;,&quot;size&quot;:1,&quot;sizes&quot;:[]}}\" data-widget_type=\"image.default\">\n\t\t\t\t\t\t\t\t\t\t\t\t\t\t\t<img loading=\"lazy\" decoding=\"async\" width=\"2000\" height=\"1500\" src=\"https:\/\/lichtblick-berlin.de\/wp-content\/uploads\/2026\/03\/WEBSPENDEN21.png\" class=\"attachment-full size-full wp-image-2716\" alt=\"\" srcset=\"https:\/\/lichtblick-berlin.de\/wp-content\/uploads\/2026\/03\/WEBSPENDEN21.png 2000w, https:\/\/lichtblick-berlin.de\/wp-content\/uploads\/2026\/03\/WEBSPENDEN21-300x225.png 300w, https:\/\/lichtblick-berlin.de\/wp-content\/uploads\/2026\/03\/WEBSPENDEN21-1024x768.png 1024w, https:\/\/lichtblick-berlin.de\/wp-content\/uploads\/2026\/03\/WEBSPENDEN21-768x576.png 768w, https:\/\/lichtblick-berlin.de\/wp-content\/uploads\/2026\/03\/WEBSPENDEN21-1536x1152.png 1536w\" sizes=\"(max-width: 2000px) 100vw, 2000px\" \/>\t\t\t\t\t\t\t\t\t\t\t\t\t\t\t<\/div>\n\t\t\t\t<div data-ka-cursor-size=\"1\" class=\"elementor-element elementor-element-7b54488 elementor-widget elementor-widget-image\" data-id=\"7b54488\" data-element_type=\"widget\" data-settings=\"{&quot;kng_cursor_interaction&quot;:&quot;default&quot;,&quot;kng_cursor_magnetic&quot;:&quot;none&quot;,&quot;kng_cursor_size_multiplier&quot;:{&quot;unit&quot;:&quot;px&quot;,&quot;size&quot;:1,&quot;sizes&quot;:[]}}\" data-widget_type=\"image.default\">\n\t\t\t\t\t\t\t\t\t\t\t\t\t\t\t\t<a href=\"https:\/\/www.paypal.com\/donate\/?hosted_button_id=E49PU3AQBY5QS\">\n\t\t\t\t\t\t\t<img loading=\"lazy\" decoding=\"async\" width=\"2560\" height=\"1920\" src=\"https:\/\/lichtblick-berlin.de\/wp-content\/uploads\/2026\/03\/WEB-PAYPAL-scaled.png\" class=\"elementor-animation-sink attachment-full size-full wp-image-3005\" alt=\"\" srcset=\"https:\/\/lichtblick-berlin.de\/wp-content\/uploads\/2026\/03\/WEB-PAYPAL-scaled.png 2560w, https:\/\/lichtblick-berlin.de\/wp-content\/uploads\/2026\/03\/WEB-PAYPAL-300x225.png 300w, https:\/\/lichtblick-berlin.de\/wp-content\/uploads\/2026\/03\/WEB-PAYPAL-1024x768.png 1024w, https:\/\/lichtblick-berlin.de\/wp-content\/uploads\/2026\/03\/WEB-PAYPAL-768x576.png 768w, https:\/\/lichtblick-berlin.de\/wp-content\/uploads\/2026\/03\/WEB-PAYPAL-1536x1152.png 1536w, https:\/\/lichtblick-berlin.de\/wp-content\/uploads\/2026\/03\/WEB-PAYPAL-2048x1536.png 2048w\" sizes=\"(max-width: 2560px) 100vw, 2560px\" \/>\t\t\t\t\t\t\t\t<\/a>\n\t\t\t\t\t\t\t\t\t\t\t\t\t\t\t<\/div>\n\t\t\t\t<\/div>\n\t\t<div data-ka-cursor-size=\"1\" class=\"elementor-element elementor-element-500396a e-flex e-con-boxed e-con e-parent\" data-id=\"500396a\" data-element_type=\"container\" data-settings=\"{&quot;kng_cursor_interaction&quot;:&quot;default&quot;,&quot;kng_cursor_magnetic&quot;:&quot;none&quot;,&quot;kng_cursor_size_multiplier&quot;:{&quot;unit&quot;:&quot;px&quot;,&quot;size&quot;:1,&quot;sizes&quot;:[]}}\">\n\t\t\t\t\t<div class=\"e-con-inner\">\n\t\t\t\t<div data-ka-cursor-size=\"1\" class=\"elementor-element elementor-element-0f18378 elementor-widget elementor-widget-text-editor\" data-id=\"0f18378\" data-element_type=\"widget\" data-settings=\"{&quot;kng_cursor_interaction&quot;:&quot;default&quot;,&quot;kng_cursor_magnetic&quot;:&quot;none&quot;,&quot;kng_cursor_size_multiplier&quot;:{&quot;unit&quot;:&quot;px&quot;,&quot;size&quot;:1,&quot;sizes&quot;:[]}}\" data-widget_type=\"text-editor.default\">\n\t\t\t\t\t\t\t\t\t<p><em>Als eingetragener Verein (e.V.) sind wir berechtigt, offizielle Spendenbescheinigungen auszustellen.<\/em><\/p><p><em>Bitte bei der Spende unbedingt Vor- und Nachnamen + Anschrift angeben.<\/em><\/p>\t\t\t\t\t\t\t\t<\/div>\n\t\t\t\t\t<\/div>\n\t\t\t\t<\/div>\n\t\t<div data-ka-cursor-size=\"1\" class=\"elementor-element elementor-element-4eb0628 e-flex e-con-boxed e-con e-parent\" data-id=\"4eb0628\" data-element_type=\"container\" data-settings=\"{&quot;kng_cursor_interaction&quot;:&quot;default&quot;,&quot;kng_cursor_magnetic&quot;:&quot;none&quot;,&quot;kng_cursor_size_multiplier&quot;:{&quot;unit&quot;:&quot;px&quot;,&quot;size&quot;:1,&quot;sizes&quot;:[]}}\">\n\t\t\t\t\t<div class=\"e-con-inner\">\n\t\t\t\t<div data-ka-cursor-size=\"1\" class=\"elementor-element elementor-element-e565c24 elementor-widget elementor-widget-heading\" data-id=\"e565c24\" data-element_type=\"widget\" data-settings=\"{&quot;kng_cursor_interaction&quot;:&quot;default&quot;,&quot;kng_cursor_magnetic&quot;:&quot;none&quot;,&quot;kng_cursor_size_multiplier&quot;:{&quot;unit&quot;:&quot;px&quot;,&quot;size&quot;:1,&quot;sizes&quot;:[]}}\" data-widget_type=\"heading.default\">\n\t\t\t\t\t<h2 class=\"elementor-heading-title elementor-size-default\">Danke f\u00fcr deine Gro\u00dfz\u00fcgigkeit!<\/h2>\t\t\t\t<\/div>\n\t\t\t\t\t<\/div>\n\t\t\t\t<\/div>\n\t\t\t\t<\/div>\n\t\t","protected":false},"excerpt":{"rendered":"<p>Dein Geben macht einen Unterschied! Finanziell Als eingetragener Verein (e.V.) sind wir berechtigt, offizielle Spendenbescheinigungen auszustellen. Bitte bei der Spende unbedingt Vor- und Nachnamen + Anschrift angeben. Danke f\u00fcr deine [&hellip;]<\/p>\n","protected":false},"author":5,"featured_media":0,"parent":0,"menu_order":0,"comment_status":"closed","ping_status":"closed","template":"","meta":{"footnotes":""},"categories":[],"tags":[],"class_list":["post-1963","page","type-page","status-publish","hentry"],"_links":{"self":[{"href":"https:\/\/lichtblick-berlin.de\/index.php?rest_route=\/wp\/v2\/pages\/1963","targetHints":{"allow":["GET"]}}],"collection":[{"href":"https:\/\/lichtblick-berlin.de\/index.php?rest_route=\/wp\/v2\/pages"}],"about":[{"href":"https:\/\/lichtblick-berlin.de\/index.php?rest_route=\/wp\/v2\/types\/page"}],"author":[{"embeddable":true,"href":"https:\/\/lichtblick-berlin.de\/index.php?rest_route=\/wp\/v2\/users\/5"}],"replies":[{"embeddable":true,"href":"https:\/\/lichtblick-berlin.de\/index.php?rest_route=%2Fwp%2Fv2%2Fcomments&post=1963"}],"version-history":[{"count":50,"href":"https:\/\/lichtblick-berlin.de\/index.php?rest_route=\/wp\/v2\/pages\/1963\/revisions"}],"predecessor-version":[{"id":3011,"href":"https:\/\/lichtblick-berlin.de\/index.php?rest_route=\/wp\/v2\/pages\/1963\/revisions\/3011"}],"wp:attachment":[{"href":"https:\/\/lichtblick-berlin.de\/index.php?rest_route=%2Fwp%2Fv2%2Fmedia&parent=1963"}],"wp:term":[{"taxonomy":"category","embeddable":true,"href":"https:\/\/lichtblick-berlin.de\/index.php?rest_route=%2Fwp%2Fv2%2Fcategories&post=1963"},{"taxonomy":"post_tag","embeddable":true,"href":"https:\/\/lichtblick-berlin.de\/index.php?rest_route=%2Fwp%2Fv2%2Ftags&post=1963"}],"curies":[{"name":"wp","href":"https:\/\/api.w.org\/{rel}","templated":true}]}}